{"id":469,"date":"2013-10-20T08:13:58","date_gmt":"2013-10-20T07:13:58","guid":{"rendered":"http:\/\/ressources.espacedoc.net\/?page_id=469"},"modified":"2013-10-20T08:13:58","modified_gmt":"2013-10-20T07:13:58","slug":"generer-un-code-qr-a-partir-dun-lien-et-dun-texte","status":"publish","type":"page","link":"https:\/\/ressources.espacedoc.net\/?page_id=469","title":{"rendered":"G\u00e9n\u00e9rer un code QR \u00e0 partir d&rsquo;un lien et d&rsquo;un texte"},"content":{"rendered":"<p><a href=\"http:\/\/roget.biz\/generer-un-code-qr-a-partir-dun-lien-et-dun-texte-via-googleapis?utm_source=feedburner&amp;utm_medium=feed&amp;utm_campaign=Feed%3A+rogetthierry+%28Cocktail+Web%29\">G\u00e9n\u00e9rer un code QR \u00e0 partir d&rsquo;un lien et d&rsquo;un texte<\/a><\/p>\n","protected":false},"excerpt":{"rendered":"<p>G\u00e9n\u00e9rer un code QR \u00e0 partir d&rsquo;un lien et d&rsquo;un texte<\/p>\n","protected":false},"author":1,"featured_media":0,"parent":0,"menu_order":0,"comment_status":"open","ping_status":"closed","template":"","meta":{"footnotes":""},"class_list":["post-469","page","type-page","status-publish","hentry"],"_links":{"self":[{"href":"https:\/\/ressources.espacedoc.net\/index.php?rest_route=\/wp\/v2\/pages\/469","targetHints":{"allow":["GET"]}}],"collection":[{"href":"https:\/\/ressources.espacedoc.net\/index.php?rest_route=\/wp\/v2\/pages"}],"about":[{"href":"https:\/\/ressources.espacedoc.net\/index.php?rest_route=\/wp\/v2\/types\/page"}],"author":[{"embeddable":true,"href":"https:\/\/ressources.espacedoc.net\/index.php?rest_route=\/wp\/v2\/users\/1"}],"replies":[{"embeddable":true,"href":"https:\/\/ressources.espacedoc.net\/index.php?rest_route=%2Fwp%2Fv2%2Fcomments&post=469"}],"version-history":[{"count":0,"href":"https:\/\/ressources.espacedoc.net\/index.php?rest_route=\/wp\/v2\/pages\/469\/revisions"}],"wp:attachment":[{"href":"https:\/\/ressources.espacedoc.net\/index.php?rest_route=%2Fwp%2Fv2%2Fmedia&parent=469"}],"curies":[{"name":"wp","href":"https:\/\/api.w.org\/{rel}","templated":true}]}}